{"id":385,"date":"2022-11-29T17:51:29","date_gmt":"2022-11-29T16:51:29","guid":{"rendered":"http:\/\/www.lalambic-margon.fr\/?page_id=385"},"modified":"2024-09-25T16:36:37","modified_gmt":"2024-09-25T14:36:37","slug":"menu-nouvel-an","status":"publish","type":"page","link":"https:\/\/www.lalambic-margon.fr\/index.php\/menu-nouvel-an\/","title":{"rendered":"Conditions g\u00e9n\u00e9ral de vente."},"content":{"rendered":"\n<p>Consigne pour vos \u00ab\u00a0Doggy Bag\u00a0\u00bb   1\u20ac<\/p>\n\n\n\n<p>DROIT DE COUVERT 6\u20ac<\/p>\n\n\n\n<p>NO-SHOW <\/p>\n\n\n\n<p>Pour toute r\u00e9servation effectu\u00e9e et qui ne serait pas honor\u00e9e (d\u00e9lai de pr\u00e9venance pour l&rsquo;annulation jusqu&rsquo;\u00e0 1 heure avant votre r\u00e9servation), vous engage au paiement soit du prix du repas convenu ( r\u00e9servation de groupe) soit au prix de 20\u20ac pour les midis en semaine, soit 30\u20ac pour les soirs et les weekends. <\/p>\n\n\n\n<p>Merci de votre compr\u00e9hension, par respect pour le travail engag\u00e9 pour pr\u00e9parer vos repas et la mise en place de la salle du restaurant, la r\u00e9mun\u00e9ration de notre \u00e9quipe, le co\u00fbt de la marchandise.<\/p>\n\n\n<div>You need to add a widget, row, or prebuilt layout before you&rsquo;ll see anything here. \ud83d\ude42<\/div>","protected":false},"excerpt":{"rendered":"<p>Consigne pour vos \u00ab\u00a0Doggy Bag\u00a0\u00bb 1\u20ac DROIT DE COUVERT 6\u20ac NO-SHOW Pour toute r\u00e9servation effectu\u00e9e et qui ne serait pas honor\u00e9e (d\u00e9lai de pr\u00e9venance pour l&rsquo;annulation jusqu&rsquo;\u00e0 1 heure avant votre r\u00e9servation), vous engage au paiement soit du prix du repas convenu ( r\u00e9servation de groupe) soit au prix de 20\u20ac pour les midis en <a href=\"https:\/\/www.lalambic-margon.fr\/index.php\/menu-nouvel-an\/\" class=\"more-link\">[&hellip;]<\/a><\/p>\n","protected":false},"author":1,"featured_media":0,"parent":0,"menu_order":0,"comment_status":"closed","ping_status":"closed","template":"","meta":{"footnotes":""},"_links":{"self":[{"href":"https:\/\/www.lalambic-margon.fr\/index.php\/wp-json\/wp\/v2\/pages\/385"}],"collection":[{"href":"https:\/\/www.lalambic-margon.fr\/index.php\/wp-json\/wp\/v2\/pages"}],"about":[{"href":"https:\/\/www.lalambic-margon.fr\/index.php\/wp-json\/wp\/v2\/types\/page"}],"author":[{"embeddable":true,"href":"https:\/\/www.lalambic-margon.fr\/index.php\/wp-json\/wp\/v2\/users\/1"}],"replies":[{"embeddable":true,"href":"https:\/\/www.lalambic-margon.fr\/index.php\/wp-json\/wp\/v2\/comments?post=385"}],"version-history":[{"count":6,"href":"https:\/\/www.lalambic-margon.fr\/index.php\/wp-json\/wp\/v2\/pages\/385\/revisions"}],"predecessor-version":[{"id":447,"href":"https:\/\/www.lalambic-margon.fr\/index.php\/wp-json\/wp\/v2\/pages\/385\/revisions\/447"}],"wp:attachment":[{"href":"https:\/\/www.lalambic-margon.fr\/index.php\/wp-json\/wp\/v2\/media?parent=385"}],"curies":[{"name":"wp","href":"https:\/\/api.w.org\/{rel}","templated":true}]}}