{"id":19,"date":"2017-07-08T00:04:01","date_gmt":"2017-07-07T22:04:01","guid":{"rendered":"http:\/\/www.lalambic-margon.fr\/?page_id=19"},"modified":"2025-09-30T20:04:15","modified_gmt":"2025-09-30T18:04:15","slug":"la-carte","status":"publish","type":"page","link":"https:\/\/www.lalambic-margon.fr\/index.php\/la-carte\/","title":{"rendered":"Menu de saison."},"content":{"rendered":"\n<p><\/p>\n\n\n\n<p><\/p>\n\n\n\n<p><\/p>\n\n\n\n<p><\/p>\n\n\n<div id='gallery-1' class='gallery galleryid-19 gallery-columns-3 gallery-size-thumbnail'><figure class='gallery-item'>\n\t\t\t<div class='gallery-icon landscape'>\n\t\t\t\t<a href='https:\/\/www.lalambic-margon.fr\/img_1819\/'><img width=\"150\" height=\"150\" src=\"https:\/\/www.lalambic-margon.fr\/wp-content\/uploads\/2017\/07\/IMG_1819-150x150.jpg\" class=\"attachment-thumbnail size-thumbnail\" alt=\"\" decoding=\"async\" loading=\"lazy\" \/><\/a>\n\t\t\t<\/div><\/figure><figure class='gallery-item'>\n\t\t\t<div class='gallery-icon landscape'>\n\t\t\t\t<a href='https:\/\/www.lalambic-margon.fr\/img_1936-2\/'><img width=\"150\" height=\"150\" src=\"https:\/\/www.lalambic-margon.fr\/wp-content\/uploads\/2017\/07\/IMG_1936-2-150x150.jpg\" class=\"attachment-thumbnail size-thumbnail\" alt=\"\" decoding=\"async\" loading=\"lazy\" \/><\/a>\n\t\t\t<\/div><\/figure><figure class='gallery-item'>\n\t\t\t<div class='gallery-icon landscape'>\n\t\t\t\t<a href='https:\/\/www.lalambic-margon.fr\/index.php\/la-carte\/img_20210828_134958_3-1\/'><img width=\"150\" height=\"150\" src=\"https:\/\/www.lalambic-margon.fr\/wp-content\/uploads\/2021\/11\/IMG_20210828_134958_3-1-150x150.jpg\" class=\"attachment-thumbnail size-thumbnail\" alt=\"\" decoding=\"async\" loading=\"lazy\" \/><\/a>\n\t\t\t<\/div><\/figure><figure class='gallery-item'>\n\t\t\t<div class='gallery-icon landscape'>\n\t\t\t\t<a href='https:\/\/www.lalambic-margon.fr\/index.php\/la-carte\/img_20210612_203035\/'><img width=\"150\" height=\"150\" src=\"https:\/\/www.lalambic-margon.fr\/wp-content\/uploads\/2021\/11\/IMG_20210612_203035-150x150.jpg\" class=\"attachment-thumbnail size-thumbnail\" alt=\"\" decoding=\"async\" loading=\"lazy\" \/><\/a>\n\t\t\t<\/div><\/figure>\n\t\t<\/div>\n\n<h3 class=\"western\" align=\"center\">\u00a0<\/h3>\n<h1 style=\"text-align: left;\">\u00a0 \u00a0 \u00a0 \u00a0 \u00a0 \u00a0 \u00a0 \u00a0 \u00a0 \u00a0 \u00a0 \u00a0 \u00a0 \u00a0 \u00a0 \u00a0 \u00a0 \u00a0 <strong><span style=\"color: #000000;\">Menu enfant <em>(jusqu&rsquo;\u00e0 10ans) <\/em>16,90\u20ac<\/span><\/strong><\/h1>\n<p>\u00a0 \u00a0 \u00a0 \u00a0 \u00a0 \u00a0 \u00a0 \u00a0 \u00a0 \u00a0 \u00a0 \u00a0 \u00a0 \u00a0 \u00a0 \u00a0 \u00a0 \u00a0 \u00a0 \u00a0<strong><em>\u00a0Droit de couvert 6\u20ac<\/em><\/strong><\/p>\n<p><span style=\"font-family: Ebrima;\"><span style=\"font-size: small;\"><i><b>\u00a0<\/b><\/i><\/span><\/span><\/p>\n<p class=\"western\" align=\"center\"><span style=\"color: #000000;\"><span style=\"font-family: Ebrima, serif;\"><span style=\"font-size: small;\"><b>* Velout\u00e9 de potimarron au lait de coco.<\/b><\/span><\/span><\/span><\/p>\n<p class=\"western\" align=\"center\"><span style=\"color: #000000;\"><span style=\"font-family: Ebrima, serif;\"><span style=\"font-size: small;\"><b>xxxxxx<\/b><\/span><\/span><\/span><\/p>\n<p class=\"western\" align=\"center\"><span style=\"color: #000000;\"><span style=\"font-family: Ebrima, serif;\"><span style=\"font-size: small;\"><b>* Noix de joues de porc confites, accompagnement au choix\u00a0:<\/b><\/span><\/span><\/span><\/p>\n<p class=\"western\" align=\"center\"><span style=\"color: #000000;\"> <span style=\"font-family: Ebrima, serif;\"><span style=\"font-size: small;\"><b>mousseline de carottes ou pomme Anna.<\/b><\/span><\/span><\/span><\/p>\n<p class=\"western\" align=\"center\"><span style=\"color: #000000;\"><span style=\"font-family: Ebrima, serif;\"><span style=\"font-size: small;\"><b>xxxxxx<\/b><\/span><\/span><\/span><\/p>\n<p class=\"western\" align=\"center\"><span style=\"color: #000000;\"><span style=\"font-family: Ebrima, serif;\"><span style=\"font-size: small;\"><b>* Riz au lait de coco.<\/b><\/span><\/span><\/span><\/p>\n<p class=\"western\" align=\"center\"><span style=\"color: #000000;\"><span style=\"font-family: Ebrima, serif;\"><span style=\"font-size: small;\"><b>* Tarte tatin.<\/b><\/span><\/span><\/span><\/p>\n<p class=\"western\" align=\"center\"><span style=\"font-family: Ebrima;\"><span style=\"font-size: small;\"><b>* <span style=\"color: #000000;\">Coupe de glace<\/span> 1 boule \u00e0 la vanille,<\/b><\/span><\/span><\/p>\n<p class=\"western\" align=\"center\"><span style=\"font-family: Ebrima;\"><span style=\"font-size: small;\"><b>chantilly ou caramel au beurre sal\u00e9.<\/b><\/span><\/span><\/p>\n<p class=\"western\" align=\"center\">\u00a0<\/p>\n<hr \/>\n<h1 style=\"text-align: center;\" align=\"left\"><span style=\"color: #000000;\">Notre CARTE<\/span><\/h1>\n<h4 class=\"western\" align=\"left\"><span style=\"color: #3e3e3e;\"><span style=\"font-family: Caviar Dreams, serif;\"><span style=\"font-size: xx-large;\"><i>Nos entr\u00e9es<\/i><\/span><\/span><\/span><\/h4>\n<p class=\"western\" align=\"left\"><span style=\"font-family: Ebrima, serif;\"><b><span style=\"color: #000000;\"><span style=\"font-size: small;\">* <\/span><\/span><span style=\"color: #000000;\"><span style=\"font-size: small;\">Tranche de foie gras de canard mi-cuit, confiture de figues, pains toast\u00e9s aux c\u00e9r\u00e9ales<\/span><\/span><span style=\"color: #000000;\"><span style=\"font-size: small;\">.\u00a0 \u00a0 \u00a0 \u00a0 <\/span><\/span><span style=\"color: #000000;\"><span style=\"font-size: small;\">1<\/span><\/span><span style=\"color: #000000;\"><span style=\"font-size: small;\">6<\/span><\/span><span style=\"color: #000000;\"><sup><span style=\"font-size: small;\">\u20ac<\/span><\/sup><\/span><\/b><\/span><\/p>\n<p class=\"western\" align=\"left\"><span style=\"font-family: Ebrima;\"><span style=\"font-size: small;\"><b><span style=\"color: #000000;\">*<\/span> <span style=\"color: #000000;\">Velout\u00e9 <\/span><span style=\"color: #000000;\">de potimarron au lait de coco, brisures de ch\u00e2taignes.\u00a0 \u00a0 \u00a0 \u00a0 \u00a0 \u00a0 \u00a0 \u00a0 \u00a0 \u00a0 \u00a0 \u00a0 \u00a0 \u00a0 \u00a0 \u00a0 \u00a0 \u00a0 \u00a0 \u00a0 \u00a0 \u00a0 \u00a0 \u00a0 \u00a01<\/span><span style=\"color: #000000;\">4<\/span><span style=\"color: #000000;\"><sup>\u20ac<\/sup><\/span><\/b><\/span><\/span><\/p>\n<p class=\"western\" align=\"left\"><span style=\"color: #000000;\"><span style=\"font-family: Ebrima, serif;\"><span style=\"font-size: small;\"><b>* Flan de champignons, sauce au poivre vert et chips de poitrine fum\u00e9e grill\u00e9e.\u00a0 \u00a0 \u00a0 \u00a0 \u00a0 \u00a0 \u00a0 \u00a0 \u00a0 \u00a0 \u00a0 \u00a0 12<sup>\u20ac<\/sup><\/b><\/span><\/span><\/span><\/p>\n<p class=\"western\">\u00a0<\/p>\n<hr \/>\n<h4 class=\"western\" align=\"left\"><span style=\"color: #3e3e3e;\"><span style=\"font-family: Caviar Dreams, serif;\"><span style=\"font-size: xx-large;\"><i>Nos plats<\/i><\/span><\/span><\/span><u><b><\/b><\/u><\/h4>\n<p class=\"western\" align=\"left\"><span style=\"font-family: Ebrima;\"><span style=\"font-size: small;\"><b><span style=\"color: #000000;\">* <\/span><span style=\"color: #000000;\">1\/2 Magret de canard r\u00f4ti au camembert.\u00a0 \u00a0 \u00a0 \u00a0 \u00a0 \u00a0 \u00a0 \u00a0 \u00a0 \u00a0 \u00a0 \u00a0 \u00a0 \u00a0 \u00a0 \u00a0 \u00a0 \u00a0 \u00a0 \u00a0 \u00a0 \u00a0 \u00a0 \u00a0 \u00a0 \u00a0 \u00a0 \u00a0 \u00a0 \u00a0 \u00a0 \u00a0 \u00a0 \u00a0 \u00a022<\/span><span style=\"color: #000000;\"><sup>\u20ac<\/sup><\/span><\/b><\/span><\/span><\/p>\n<p class=\"western\" align=\"left\"><span style=\"color: #000000;\"><span style=\"font-family: Ebrima;\"><span style=\"font-size: small;\"><b>* Noix de joues de porc confites r\u00e9duction de cidre &amp; pomme fruit r\u00f4ti.\u00a0 \u00a0 \u00a0 \u00a0 \u00a0 \u00a0 \u00a0 \u00a0 \u00a0 \u00a0 \u00a020<sup>\u20ac<\/sup><\/b><\/span><\/span><\/span><\/p>\n<p class=\"western\" align=\"left\"><span style=\"color: #000000;\"><span style=\"font-family: Ebrima;\"><span style=\"font-size: small;\"><b><span style=\"font-family: Ebrima, serif;\">*<\/span> <span style=\"font-family: Ebrima, serif;\">Pav\u00e9 de saumon cuit \u00e0 l\u2019unilat\u00e9ral, cr\u00e8me citronn\u00e9e.\u00a0 \u00a0 \u00a0 \u00a0 \u00a0 \u00a0 \u00a0 \u00a0 \u00a0 \u00a0 \u00a0 \u00a0 \u00a0 \u00a0 \u00a0 \u00a0 \u00a0 \u00a0 \u00a0 \u00a0 \u00a0 \u00a0 \u00a0 \u00a0 \u00a0 \u00a0 24<\/span><sup><span style=\"font-family: Ebrima, serif;\">\u20ac<\/span><\/sup><\/b><\/span><\/span><\/span><\/p>\n<p class=\"western\" align=\"center\"><span style=\"color: #000000;\"><span style=\"font-family: Ebrima;\"><span style=\"font-size: small;\"><b><span style=\"font-family: Ebrima, serif;\">A<\/span><span style=\"font-family: Ebrima, serif;\">ccompagnements\u00a0: Mousseline de carottes <\/span><span style=\"font-family: Ebrima, serif;\">ou pomme Anna <\/span><span style=\"font-family: Ebrima, serif;\">et petits l\u00e9gumes de saison.<\/span><\/b><\/span><\/span><\/span><b><\/b><\/p>\n<h3 class=\"western\" align=\"left\"><span style=\"color: #3e3e3e;\"><span style=\"font-family: Caviar Dreams, serif;\"><span style=\"font-size: xx-large;\"><i>Fromages 9<sub>\u20ac<\/sub><\/i><\/span><\/span><\/span><\/h3>\n<p class=\"western\" align=\"left\"><span style=\"font-family: Ebrima, serif;\"><b><span style=\"color: #000000;\"><span style=\"font-size: small;\">* Trilogie fromag\u00e8re <\/span><\/span><\/b><\/span><span style=\"font-family: Ebrima;\"><b>: Morbier, Tomme de vache \u00ab Pur Perche \u00bb, Camembert de Normandie.<\/b><\/span><\/p>\n<hr \/>\n<h3 class=\"western\" align=\"left\"><span style=\"color: #3e3e3e;\"><span style=\"font-family: Caviar Dreams, serif;\"><span style=\"font-size: xx-large;\"><i>Nos desserts 9<sub>\u20ac<\/sub><\/i><\/span><\/span><\/span><\/h3>\n<p class=\"western\" align=\"left\"><span style=\"font-family: Ebrima;\"><b>* Riz au lait de coco, coulis de fruits exotiques.<\/b><\/span><\/p>\n<p class=\"western\" align=\"left\"><span style=\"font-family: Ebrima;\"><b>* Profiteroles, sauce chocolat noir, glace vanille &amp; cr\u00e8me fouett\u00e9e sucr\u00e9e.<\/b><\/span><\/p>\n<p class=\"western\" align=\"left\"><span style=\"font-family: Ebrima;\"><b>* Tarte tatin, caramel au beurre sal\u00e9 &amp; cr\u00e8me fra\u00eeche.<\/b><\/span><\/p>\n<hr \/>\n<h1 align=\"center\"><strong><span style=\"color: #ff6600;\">Menu<\/span> : <span style=\"color: #ff6600;\">entr\u00e9e<\/span> + <span style=\"color: #ff6600;\">plat<\/span> + <span style=\"color: #ff6600;\">dessert 40\u20ac<\/span><\/strong><\/h1>\n<p>\u00a0<\/p>\n<h2 style=\"text-align: center;\" align=\"center\">Nos g\u00e2teaux pour vos repas de f\u00eate<\/h2>\n<h3 style=\"text-align: center;\" align=\"center\">\u00e0 partir de 10 personnes, \u00e0 commander minimum une semaine avant.<\/h3>\n<p style=\"text-align: center;\">Le suppl\u00e9ment s&rsquo;applique \u00e0 la part.<\/p>\n<p><span style=\"color: #222222;\"><span style=\"font-family: Arial, Helvetica, sans-serif;\"><span style=\"font-size: medium;\"><u><b>Glac\u00e9<\/b><\/u><\/span><\/span><\/span><\/p>\n<p><span style=\"color: #222222;\"><span style=\"font-family: Arial, Helvetica, sans-serif;\"><span style=\"font-size: medium;\">Omelette\u00a0Norv\u00e9gienne vanille +1,50\u20ac<\/span><\/span><\/span><\/p>\n<p><span style=\"color: #222222;\"><span style=\"font-family: Arial, Helvetica, sans-serif;\"><span style=\"font-size: medium;\"><u><b>G\u00e2teaux aux fruits<\/b><\/u><\/span><\/span><\/span><\/p>\n<p><span style=\"color: #222222;\"><span style=\"font-family: Arial, Helvetica, sans-serif;\"><span style=\"font-size: medium;\">Poirier +1,50\u20ac<\/span><\/span><\/span><\/p>\n<p><span style=\"color: #222222;\"><span style=\"font-family: Arial, Helvetica, sans-serif;\"><span style=\"font-size: medium;\">Petits Sarthois \u00e0 la pomme +1,50\u20ac<\/span><\/span><\/span><\/p>\n<p><span style=\"color: #222222;\"><span style=\"font-family: Arial, Helvetica, sans-serif;\"><span style=\"font-size: medium;\">Tutty Frutty (Mai \u00e0 Septembre)+1,50\u20ac<\/span><\/span><\/span><\/p>\n<p><span style=\"color: #222222;\"><span style=\"font-family: Arial, Helvetica, sans-serif;\"><span style=\"font-size: medium;\"><u><b>G\u00e2teaux au chocolat<\/b><\/u><\/span><\/span><\/span><\/p>\n<p><span style=\"color: #222222;\"><span style=\"font-family: Arial, Helvetica, sans-serif;\"><span style=\"font-size: medium;\">Charlotte aux chocolat +2\u20ac<\/span><\/span><\/span><\/p>\n<hr \/>\n<p style=\"text-align: center;\"><strong><span style=\"color: #000000;\"><em><span class=\"T4\">Origines des viandes fran\u00e7aises en majorit\u00e9s &amp; UE.<\/span><\/em><\/span><\/strong><\/p>\n<p style=\"text-align: center;\">Liste des allerg\u00e8nes sur demande, les plats \u00e9tants faits maisons nous pouvons nous adapter facilement.<\/p>\n<p style=\"text-align: center;\">Notre carte peu \u00eatre facilement adapt\u00e9e pour les repas v\u00e9g\u00e9tariens.<\/p>\n<p style=\"text-align: center;\">Notre type de cuisine n&rsquo;est en revanche pas conseill\u00e9e pour les repas v\u00e9g\u00e9taliens car nous ne disposons pas de substitut pour offrir un repas complet \u00e9quilibr\u00e9 et gourmand.<\/p>\n<p style=\"text-align: center;\"><strong><span style=\"color: #000000;\"><em><span class=\"T4\">Service compris et prix net.<\/span><\/em><\/span><\/strong><\/p>\n\n\n<p><\/p>\n","protected":false},"excerpt":{"rendered":"<p>\u00a0 \u00a0 \u00a0 \u00a0 \u00a0 \u00a0 \u00a0 \u00a0 \u00a0 \u00a0 \u00a0 \u00a0 \u00a0 \u00a0 \u00a0 \u00a0 \u00a0 \u00a0 \u00a0 Menu enfant (jusqu&rsquo;\u00e0 10ans) 16,90\u20ac \u00a0 \u00a0 \u00a0 \u00a0 \u00a0 \u00a0 \u00a0 \u00a0 \u00a0 \u00a0 \u00a0 \u00a0 \u00a0 \u00a0 \u00a0 \u00a0 \u00a0 \u00a0 \u00a0 \u00a0\u00a0Droit de couvert 6\u20ac \u00a0 * Velout\u00e9 de potimarron au lait de <a href=\"https:\/\/www.lalambic-margon.fr\/index.php\/la-carte\/\" class=\"more-link\">[&hellip;]<\/a><\/p>\n","protected":false},"author":1,"featured_media":0,"parent":0,"menu_order":0,"comment_status":"closed","ping_status":"closed","template":"","meta":{"footnotes":""},"_links":{"self":[{"href":"https:\/\/www.lalambic-margon.fr\/index.php\/wp-json\/wp\/v2\/pages\/19"}],"collection":[{"href":"https:\/\/www.lalambic-margon.fr\/index.php\/wp-json\/wp\/v2\/pages"}],"about":[{"href":"https:\/\/www.lalambic-margon.fr\/index.php\/wp-json\/wp\/v2\/types\/page"}],"author":[{"embeddable":true,"href":"https:\/\/www.lalambic-margon.fr\/index.php\/wp-json\/wp\/v2\/users\/1"}],"replies":[{"embeddable":true,"href":"https:\/\/www.lalambic-margon.fr\/index.php\/wp-json\/wp\/v2\/comments?post=19"}],"version-history":[{"count":62,"href":"https:\/\/www.lalambic-margon.fr\/index.php\/wp-json\/wp\/v2\/pages\/19\/revisions"}],"predecessor-version":[{"id":484,"href":"https:\/\/www.lalambic-margon.fr\/index.php\/wp-json\/wp\/v2\/pages\/19\/revisions\/484"}],"wp:attachment":[{"href":"https:\/\/www.lalambic-margon.fr\/index.php\/wp-json\/wp\/v2\/media?parent=19"}],"curies":[{"name":"wp","href":"https:\/\/api.w.org\/{rel}","templated":true}]}}